{"id":88,"date":"2024-01-19T13:18:06","date_gmt":"2024-01-19T13:18:06","guid":{"rendered":"http:\/\/ledz"},"modified":"2024-02-21T16:16:24","modified_gmt":"2024-02-21T19:16:24","slug":"comissoes","status":"publish","type":"page","link":"https:\/\/cornelioprocopio.oabpr.org.br\/index.php\/comissoes\/","title":{"rendered":"Nossas Comiss\u00f5es"},"content":{"rendered":"\n<p class=\"has-text-align-center\"><strong>COMISS\u00c3O DE DIREITO NOTARIAL E REGISTRAL<\/strong><br>Presidente: Dr. Juliano Siqueira Usae &#8211; OAB\/PR 41.179<br>Vice-presidente: Vanessa Andretta Molin Risso &#8211; OAB\/PR 42.611<br>Secret\u00e1rio: Marcelo Senefontes Moura -OAB\/PR 38.003<\/p>\n\n\n\n<p class=\"has-text-align-center\"><strong>COMISS\u00c3O DE DEFESA DAS PRERROGATIVAS<\/strong><br>Presidente: Fernando Aparecido Matias \u2013 OAB\/PR 57.281<br>Vice-presidente: Carlos Eduardo Gama de Souza \u2013 OAB\/PR 64.354<br>Secret\u00e1rio: Lucas Goes dos Santos \u2013 OAB\/PR 68.378<\/p>\n\n\n\n<p class=\"has-text-align-center\"><strong>COMISS\u00c3O DA MULHER ADVOGADA<\/strong><br>Presidente: Carla Maria Martins dos Santos Augusto \u2013 OAB\/PR 88.156<br>Vice-presidente:Thaisa Yumi Oyamada \u2013 OAB\/PR 64.354<br>Secret\u00e1ria: Joslayne Aparecida Ortiz Furlaneti \u2013 OAB\/PR 72.080<\/p>\n\n\n\n<p class=\"has-text-align-center\"><strong>COMISS\u00c3O PREVIDENCI\u00c1RIA<\/strong><br>Presidente: Vagner Alino Carioca \u2013 OAB\/PR 44.536<br>Vice-presidente: Gemerson Junior Silva \u2013 OAB\/PR 43.976<br>Secret\u00e1rio: Daniel Sanches Pelachini \u2013 OAB\/PR 60.601<\/p>\n\n\n\n<p class=\"has-text-align-center\"><strong>COMISS\u00c3O DE DIREITO P\u00daBLICO<\/strong><br>Presidente: Ana Luiza Scandelai Coronato \u2013 OAB\/PR 88.395<br>Vice-presidente: Marcelo Senefontes Moura &#8211; OAB\/PR 38.003<br>Secret\u00e1ria: Thatiana Maria de Souza Landgrf Adami \u2013 OAB\/PR 34.214<\/p>\n\n\n\n<p class=\"has-text-align-center\"><strong>COMISS\u00c3O DO ADVOGADO INICIANTE<\/strong><br>Presidente: Victor Koch \u2013 OAB\/PR 90.985<br>Vice-presidente: Vanderlei Aparecido Baraldi Junior \u2013 OAB\/PR: 106.087<br>Secret\u00e1ria: Jheniffer Rodrigues Balardin \u2013 OAB\/PR: 104.154<\/p>\n\n\n\n<p class=\"has-text-align-center\"><strong>COMISS\u00c3O DE DIREITO DO CONSUMIDOR<\/strong><br>Presidente: Rafner Augusto Soares \u2013 OAB\/PR 90.994<br>Vice-presidente: Felipe Batista de Oliveira \u2013 OAB\/PR 94.291<br>Secret\u00e1rio: Henrique Jos\u00e9 Panizio &#8211; OAB\/PR 43.846<\/p>\n\n\n\n<p class=\"has-text-align-center\"><strong>COMISS\u00c3O DE DIREITO CRIMINAL<\/strong><br>Presidente: Marcus Leandro Alcantra Genovezi \u2013 OAB\/PR 28.524<br>Vice-presidente: Lorena Caroline Camargo Borges &#8211; OAB\/PR 77.154<br>Secret\u00e1rio: Jorge Paulo Melhem Haddad \u2013 OAB\/PR &#8211; 40.711<\/p>\n\n\n\n<p class=\"has-text-align-center\"><strong>COMISS\u00c3O DE DIREITO CIVIL<\/strong><br>Presidente: Danilo Henrique Vicentini da Cruz \u2013 OAB\/PR 81.881<br>Vice-presidente: Marcus Vin\u00edcius Ali Amin \u2013 OAB\/PR 22.264<br>Secret\u00e1rio: Paulo Giovani Ferri \u2013 OAB\/PR 19.427<\/p>\n\n\n\n<p class=\"has-text-align-center\"><strong>COMISS\u00c3O DE EVENTOS<\/strong><br>Presidente: Fabio Silva Mattos Melle \u2013 OAB\/PR 86.074<br>Vice-presidente: Luis Henrique Furlanetto Picoloto \u2013 OAB\/PR 67.181<br>Secret\u00e1rio: Herik de Souza Brevilheri \u2013 OAB\/PR 77.127<\/p>\n\n\n\n<p class=\"has-text-align-center\"><strong>COMISS\u00c3O DA ADVOCACIA DATIVA<\/strong><br>Presidente: D\u00e9bora Fernanda Recanello Amaral \u2013 OAB\/PR 73.054<br>Vice-presidente: Louren\u00e7o Pereira Borges \u2013 OAB\/PR 12.064<br>Secret\u00e1rio: Wagner Lima Fonsceca \u2013 OAB\/PR 81.832<\/p>\n\n\n\n<p class=\"has-text-align-center\"><strong>COMISS\u00c3O DE ESTUDOS JUR\u00cdDICOS<\/strong><br>Presidente: Bruno Henrique Martins Pirolo \u2013 OAB\/PR 65.430<br>Vice-presidente: Manoel Garcia Filho \u2013 OAB\/PR 107.485<br>Secret\u00e1rio: Ricardo Haddad \u2013 OAB\/PR 53.928<\/p>\n\n\n\n<p class=\"has-text-align-center\"><strong>COMISS\u00c3O DE DIREITO ELEITORAL<\/strong><br>Presidente: Mauricio Reis Koch \u2013 OAB\/PR 77.629<br>Vice-presidente: Alfredo Jos\u00e9 de Carvalho Filho \u2013 OAB\/PR 28.526<br>Secret\u00e1rio: Jos\u00e9 Ricardo Silva Franco \u2013 OAB\/PR 99.424<\/p>\n\n\n\n<p class=\"has-text-align-center\"><strong>COMISS\u00c3O DE ESPORTES<\/strong><br>Presidente: Ralph Santos Neves \u2013 OAB\/PR 79.292<br>Vice-presidente: Jader Bastos Guilherme \u2013 OAB\/PR 66.000<br>Secret\u00e1rio: Alessandro Edison Martins Migliozzi \u2013 OAB\/PR 22.942<\/p>\n\n\n\n<p class=\"has-text-align-center\"><strong>COMISS\u00c3O DE DIREITOS HUMANOS<\/strong><br>Presidente: Emerson Cardoso Celestino- OAB\/PR 86.843<br>Vice-presidente: John Lennon Alves Cardoso de Souza \u2013 OAB\/PR 75.958<br>Secret\u00e1rio: Carlos Alberto Calovi Tiva \u2013 OAB\/PR 88.145<\/p>\n\n\n\n<p class=\"has-text-align-center\"><strong>COMISS\u00c3O DE DIREITO AMBIENTAL E DOS ANIMAIS<\/strong><br>Presidente: Regina de Oliveira Feriato \u2013 OAB\/PR 90.991<br>Vice-presidente: Aline Lamin Vieira de Souza \u2013 OAB\/PR 91.003<br>Secret\u00e1ria: Janet Yoshiko Maeda \u2013 OAB\/PR<\/p>\n\n\n\n<p class=\"has-text-align-center\"><strong>COMISS\u00c3O DE DIREITO DE FAM\u00cdLIA<\/strong><br>Presidente: Brendo Wolfagan de Queiroz &#8211; OAB\/PR 90.986<br>Vice-presidente: Lana Meiri Navarro &#8211; OAB\/PR 38.019<br>Secret\u00e1ria: Renata Mozeli \u2013 OAB\/PR 24.050<\/p>\n\n\n\n<p class=\"has-text-align-center\"><strong>COMISS\u00c3O DE DIREITO M\u00c9DICO<\/strong><br>Presidente: Elizabeth Daros \u2013 OAB\/PR 52.729<br>Vice-presidente: Andrei Carvalho Baroni &#8211; OAB\/PR 116.113<br>Secret\u00e1rio: Luiz Paulo Busquim Braga \u2013 OAB\/PR 75.271<br>Membro: Ant\u00f4nio Carlos Bernardino Narente \u2013 OAB\/PR 31.728<\/p>\n\n\n\n<p class=\"has-text-align-center\"><\/p>\n\n\n\n<p><\/p>\n\n\n\n<p><\/p>\n","protected":false},"excerpt":{"rendered":"<p>COMISS\u00c3O DE DIREITO NOTARIAL E REGISTRALPresidente: Dr. Juliano Siqueira Usae &#8211; OAB\/PR 41.179Vice-presidente: Vanessa Andretta Molin Risso &#8211; OAB\/PR 42.611Secret\u00e1rio: Marcelo Senefontes Moura -OAB\/PR 38.003 COMISS\u00c3O DE DEFESA DAS PRERROGATIVASPresidente: Fernando Aparecido Matias \u2013 OAB\/PR 57.281Vice-presidente: Carlos Eduardo Gama de Souza \u2013 OAB\/PR 64.354Secret\u00e1rio: Lucas Goes dos Santos \u2013 OAB\/PR 68.378 COMISS\u00c3O DA MULHER ADVOGADAPresidente: [&hellip;]<\/p>\n","protected":false},"author":1,"featured_media":0,"parent":0,"menu_order":0,"comment_status":"closed","ping_status":"closed","template":"","meta":{"footnotes":"","_links_to":"","_links_to_target":""},"class_list":["post-88","page","type-page","status-publish","hentry"],"yoast_head":"<!-- This site is optimized with the Yoast SEO plugin v27.3 - https:\/\/yoast.com\/product\/yoast-seo-wordpress\/ -->\n<title>Nossas Comiss\u00f5es - OAB Corn\u00e9lio Proc\u00f3pio<\/title>\n<meta name=\"robots\" content=\"index, follow, max-snippet:-1, max-image-preview:large, max-video-preview:-1\" \/>\n<link rel=\"canonical\" href=\"https:\/\/cornelioprocopio.oabpr.org.br\/index.php\/comissoes\/\" \/>\n<meta property=\"og:locale\" content=\"pt_BR\" \/>\n<meta property=\"og:type\" content=\"article\" \/>\n<meta property=\"og:title\" content=\"Nossas Comiss\u00f5es - OAB Corn\u00e9lio Proc\u00f3pio\" \/>\n<meta property=\"og:description\" content=\"COMISS\u00c3O DE DIREITO NOTARIAL E REGISTRALPresidente: Dr. Juliano Siqueira Usae &#8211; OAB\/PR 41.179Vice-presidente: Vanessa Andretta Molin Risso &#8211; OAB\/PR 42.611Secret\u00e1rio: Marcelo Senefontes Moura -OAB\/PR 38.003 COMISS\u00c3O DE DEFESA DAS PRERROGATIVASPresidente: Fernando Aparecido Matias \u2013 OAB\/PR 57.281Vice-presidente: Carlos Eduardo Gama de Souza \u2013 OAB\/PR 64.354Secret\u00e1rio: Lucas Goes dos Santos \u2013 OAB\/PR 68.378 COMISS\u00c3O DA MULHER ADVOGADAPresidente: [&hellip;]\" \/>\n<meta property=\"og:url\" content=\"https:\/\/cornelioprocopio.oabpr.org.br\/index.php\/comissoes\/\" \/>\n<meta property=\"og:site_name\" content=\"OAB Corn\u00e9lio Proc\u00f3pio\" \/>\n<meta property=\"article:modified_time\" content=\"2024-02-21T19:16:24+00:00\" \/>\n<meta name=\"twitter:card\" content=\"summary_large_image\" \/>\n<meta name=\"twitter:label1\" content=\"Est. tempo de leitura\" \/>\n\t<meta name=\"twitter:data1\" content=\"3 minutos\" \/>\n<script type=\"application\/ld+json\" class=\"yoast-schema-graph\">{\"@context\":\"https:\\\/\\\/schema.org\",\"@graph\":[{\"@type\":\"WebPage\",\"@id\":\"https:\\\/\\\/cornelioprocopio.oabpr.org.br\\\/index.php\\\/comissoes\\\/\",\"url\":\"https:\\\/\\\/cornelioprocopio.oabpr.org.br\\\/index.php\\\/comissoes\\\/\",\"name\":\"Nossas Comiss\u00f5es - OAB Corn\u00e9lio Proc\u00f3pio\",\"isPartOf\":{\"@id\":\"https:\\\/\\\/cornelioprocopio.oabpr.org.br\\\/#website\"},\"datePublished\":\"2024-01-19T13:18:06+00:00\",\"dateModified\":\"2024-02-21T19:16:24+00:00\",\"breadcrumb\":{\"@id\":\"https:\\\/\\\/cornelioprocopio.oabpr.org.br\\\/index.php\\\/comissoes\\\/#breadcrumb\"},\"inLanguage\":\"pt-BR\",\"potentialAction\":[{\"@type\":\"ReadAction\",\"target\":[\"https:\\\/\\\/cornelioprocopio.oabpr.org.br\\\/index.php\\\/comissoes\\\/\"]}]},{\"@type\":\"BreadcrumbList\",\"@id\":\"https:\\\/\\\/cornelioprocopio.oabpr.org.br\\\/index.php\\\/comissoes\\\/#breadcrumb\",\"itemListElement\":[{\"@type\":\"ListItem\",\"position\":1,\"name\":\"In\u00edcio\",\"item\":\"https:\\\/\\\/cornelioprocopio.oabpr.org.br\\\/\"},{\"@type\":\"ListItem\",\"position\":2,\"name\":\"Nossas Comiss\u00f5es\"}]},{\"@type\":\"WebSite\",\"@id\":\"https:\\\/\\\/cornelioprocopio.oabpr.org.br\\\/#website\",\"url\":\"https:\\\/\\\/cornelioprocopio.oabpr.org.br\\\/\",\"name\":\"OAB Corn\u00e9lio Proc\u00f3pio\",\"description\":\"\",\"potentialAction\":[{\"@type\":\"SearchAction\",\"target\":{\"@type\":\"EntryPoint\",\"urlTemplate\":\"https:\\\/\\\/cornelioprocopio.oabpr.org.br\\\/?s={search_term_string}\"},\"query-input\":{\"@type\":\"PropertyValueSpecification\",\"valueRequired\":true,\"valueName\":\"search_term_string\"}}],\"inLanguage\":\"pt-BR\"}]}<\/script>\n<!-- \/ Yoast SEO plugin. -->","yoast_head_json":{"title":"Nossas Comiss\u00f5es - OAB Corn\u00e9lio Proc\u00f3pio","robots":{"index":"index","follow":"follow","max-snippet":"max-snippet:-1","max-image-preview":"max-image-preview:large","max-video-preview":"max-video-preview:-1"},"canonical":"https:\/\/cornelioprocopio.oabpr.org.br\/index.php\/comissoes\/","og_locale":"pt_BR","og_type":"article","og_title":"Nossas Comiss\u00f5es - OAB Corn\u00e9lio Proc\u00f3pio","og_description":"COMISS\u00c3O DE DIREITO NOTARIAL E REGISTRALPresidente: Dr. Juliano Siqueira Usae &#8211; OAB\/PR 41.179Vice-presidente: Vanessa Andretta Molin Risso &#8211; OAB\/PR 42.611Secret\u00e1rio: Marcelo Senefontes Moura -OAB\/PR 38.003 COMISS\u00c3O DE DEFESA DAS PRERROGATIVASPresidente: Fernando Aparecido Matias \u2013 OAB\/PR 57.281Vice-presidente: Carlos Eduardo Gama de Souza \u2013 OAB\/PR 64.354Secret\u00e1rio: Lucas Goes dos Santos \u2013 OAB\/PR 68.378 COMISS\u00c3O DA MULHER ADVOGADAPresidente: [&hellip;]","og_url":"https:\/\/cornelioprocopio.oabpr.org.br\/index.php\/comissoes\/","og_site_name":"OAB Corn\u00e9lio Proc\u00f3pio","article_modified_time":"2024-02-21T19:16:24+00:00","twitter_card":"summary_large_image","twitter_misc":{"Est. tempo de leitura":"3 minutos"},"schema":{"@context":"https:\/\/schema.org","@graph":[{"@type":"WebPage","@id":"https:\/\/cornelioprocopio.oabpr.org.br\/index.php\/comissoes\/","url":"https:\/\/cornelioprocopio.oabpr.org.br\/index.php\/comissoes\/","name":"Nossas Comiss\u00f5es - OAB Corn\u00e9lio Proc\u00f3pio","isPartOf":{"@id":"https:\/\/cornelioprocopio.oabpr.org.br\/#website"},"datePublished":"2024-01-19T13:18:06+00:00","dateModified":"2024-02-21T19:16:24+00:00","breadcrumb":{"@id":"https:\/\/cornelioprocopio.oabpr.org.br\/index.php\/comissoes\/#breadcrumb"},"inLanguage":"pt-BR","potentialAction":[{"@type":"ReadAction","target":["https:\/\/cornelioprocopio.oabpr.org.br\/index.php\/comissoes\/"]}]},{"@type":"BreadcrumbList","@id":"https:\/\/cornelioprocopio.oabpr.org.br\/index.php\/comissoes\/#breadcrumb","itemListElement":[{"@type":"ListItem","position":1,"name":"In\u00edcio","item":"https:\/\/cornelioprocopio.oabpr.org.br\/"},{"@type":"ListItem","position":2,"name":"Nossas Comiss\u00f5es"}]},{"@type":"WebSite","@id":"https:\/\/cornelioprocopio.oabpr.org.br\/#website","url":"https:\/\/cornelioprocopio.oabpr.org.br\/","name":"OAB Corn\u00e9lio Proc\u00f3pio","description":"","potentialAction":[{"@type":"SearchAction","target":{"@type":"EntryPoint","urlTemplate":"https:\/\/cornelioprocopio.oabpr.org.br\/?s={search_term_string}"},"query-input":{"@type":"PropertyValueSpecification","valueRequired":true,"valueName":"search_term_string"}}],"inLanguage":"pt-BR"}]}},"_links":{"self":[{"href":"https:\/\/cornelioprocopio.oabpr.org.br\/index.php\/wp-json\/wp\/v2\/pages\/88","targetHints":{"allow":["GET"]}}],"collection":[{"href":"https:\/\/cornelioprocopio.oabpr.org.br\/index.php\/wp-json\/wp\/v2\/pages"}],"about":[{"href":"https:\/\/cornelioprocopio.oabpr.org.br\/index.php\/wp-json\/wp\/v2\/types\/page"}],"author":[{"embeddable":true,"href":"https:\/\/cornelioprocopio.oabpr.org.br\/index.php\/wp-json\/wp\/v2\/users\/1"}],"replies":[{"embeddable":true,"href":"https:\/\/cornelioprocopio.oabpr.org.br\/index.php\/wp-json\/wp\/v2\/comments?post=88"}],"version-history":[{"count":4,"href":"https:\/\/cornelioprocopio.oabpr.org.br\/index.php\/wp-json\/wp\/v2\/pages\/88\/revisions"}],"predecessor-version":[{"id":291,"href":"https:\/\/cornelioprocopio.oabpr.org.br\/index.php\/wp-json\/wp\/v2\/pages\/88\/revisions\/291"}],"wp:attachment":[{"href":"https:\/\/cornelioprocopio.oabpr.org.br\/index.php\/wp-json\/wp\/v2\/media?parent=88"}],"curies":[{"name":"wp","href":"https:\/\/api.w.org\/{rel}","templated":true}]}}