{"id":86,"date":"2024-01-19T13:18:05","date_gmt":"2024-01-19T13:18:05","guid":{"rendered":"http:\/\/ledz"},"modified":"2024-01-19T11:39:12","modified_gmt":"2024-01-19T14:39:12","slug":"gestoes","status":"publish","type":"page","link":"https:\/\/cornelioprocopio.oabpr.org.br\/index.php\/gestoes\/","title":{"rendered":"Gest\u00f5es"},"content":{"rendered":"\n<p><strong>DIRETORIA PROVIS\u00d3RIA<\/strong><\/p>\n\n\n\n<p>Presidente \u2013 Jo\u00e3o Teodoro<br>Vice\u2013presidente &#8211; Nelson Borges<br>Secret\u00e1rio geral \u2013 Jo\u00e3o Gon\u00e7alves de Oliveira<br>Tesoureiro \u2013 Expedito Pegoraro<\/p>\n\n\n\n<p><strong>GEST\u00c3O 1977\/1979<\/strong><\/p>\n\n\n\n<p>Presidente Ramez Amim<\/p>\n\n\n\n<p><br><strong>GEST\u00c3O&nbsp;&nbsp; &nbsp;1981\/1983&nbsp;<\/strong><\/p>\n\n\n\n<p>Presidente \u2013 &nbsp;Jamil Nabem<br>Vice\u2013presidente &#8211; Raimundo Jos\u00e9 Lima Mendes<br>Secret\u00e1rio geral \u2013 Shioji Sumi<br>Tesoureiro \u2013 Francisco Bayardo de Lacerda<\/p>\n\n\n\n<p><strong>GEST\u00c3O \u00a01983\/1985<\/strong><\/p>\n\n\n\n<p>Presidente \u2013 Jamil Nabhen<br>Vice-presidente \u2013 Antonio Galdino Vieira da Silva<br>Secret\u00e1rio \u2013 Valdir Bittencourt<br>Tesoureiro \u2013 Jos\u00e9 Arrebola Gon\u00e7alves<\/p>\n\n\n\n<p><strong>GEST\u00c3O \u00a01987\/1989<\/strong><\/p>\n\n\n\n<p>Presidente \u2013 Jose Arrebola Gon\u00e7alves<br>Vice-presidente- Ramez Amin<br>Secret\u00e1rio- Aparecido Nogueira Cunha<br>Tesoureiro- Valdevino Louren\u00e7o Rom\u00e3o<\/p>\n\n\n\n<p><strong>GEST\u00c3O 1991\/1993<\/strong><\/p>\n\n\n\n<p>Presidente \u2013 Jos\u00e9 Arrebola Gon\u00e7alves<br>Vice-presidente \u2013 Ramez Amin<br>Secret\u00e1rio \u2013 Marlene Kempfer Bassoli<br>Tesoureiro \u2013 Jos\u00e9 Jorge Biolo<\/p>\n\n\n\n<p><strong>GEST\u00c3O 1993\/1994<\/strong><\/p>\n\n\n\n<p>Presidente \u2013 Rui Schimmelpfeng Sampaio<\/p>\n\n\n\n<p><strong>GEST\u00c3O 1995\/1997<\/strong><\/p>\n\n\n\n<p>Presidente \u2013 Roberto Carlos Sottile<br>Vice-presidente \u2013 Amin Jos\u00e9 Hannouche<br>Secret\u00e1rio geral \u2013 Francisco Emilio Romano Camacho<br>Secret\u00e1rio adjunto \u2013 Dimas L\u00facio Contacto<br>Tesoureiro \u2013 Wilson Yoichi Takahashi<\/p>\n\n\n\n<p><strong>GEST\u00c3O 1998\/2000<\/strong><\/p>\n\n\n\n<p>Presidente \u2013 Rubens Sizenando Lisboa Filho<\/p>\n\n\n\n<p><strong>GEST\u00c3O 2001\/2003<\/strong><\/p>\n\n\n\n<p>Presidente &#8211; Rubens Sizenando Lisboa Fiho<br>Vice-presidente &#8211; Ivonei Storer<br>Secret\u00e1rio geral &#8211; \u00a0Edivaldo Gomes Costa<br>Secret\u00e1rio adjunto &#8211; Paulo Giovani Ferri<br>Tesoureiro &#8211; Marcelo Farinha<\/p>\n\n\n\n<p><strong>GEST\u00c3O 2004\/2006<\/strong><\/p>\n\n\n\n<p>Presidente &#8211; Rubens Sizenando Lisboa Filho<br>Vice-presidente &#8211; Jos\u00e9 Arrebola Goncalves<br>Secret\u00e1rio geral &#8211; \u00a0Edivaldo Gomes Costa<br>Secret\u00e1rio adjunto &#8211; Paulo Giovani Ferri<br>Tesoureiro &#8211; \u00a0Marcelo Farinha<\/p>\n\n\n\n<p><strong>GEST\u00c3O 2007\/2009<\/strong><\/p>\n\n\n\n<p>Presidente &#8211; Jos\u00e9 Arrebola Goncalves<br>Vice-presidente &#8211; Ant\u00f4nio Galdino Vieira da Silva<br>Secret\u00e1rio Geral &#8211; \u00a0Edivaldo Gomes Costa<br>Secret\u00e1ria adjunta &#8211; Maria Clara Galiano Gomes de Mello<br>Tesoureiro &#8211; \u00a0Marcelo Farinha<\/p>\n\n\n\n<p><strong>GEST\u00c3O 2010\/2012<\/strong><\/p>\n\n\n\n<p>Presidente &#8211; Marcelo Farinha<br>Vice-presidente &#8211; Edivaldo Gomes Costa<br>Secret\u00e1rio geral &#8211; \u00a0Raphael Dias Sampaio<br>Secret\u00e1ria adjunta &#8211; Thais Takahashi<br>Tesoureiro &#8211; \u00a0Jos\u00e9 Arrebola Goncalves<\/p>\n\n\n\n<p><strong>GEST\u00c3O 2013\/2015<\/strong><\/p>\n\n\n\n<p>Presidente &#8211; Marcelo Farinha<br>Vice-presidente &#8211; Edivaldo Gomes Costa<br>Secret\u00e1rio geral &#8211; &nbsp;Raphael Dias Sampaio<br>Secret\u00e1ria adjunto &#8211; Thais Takahashi<br>Tesoureiro &#8211; &nbsp;Jos\u00e9 Arrebola Goncalves<\/p>\n\n\n\n<p><strong>GEST\u00c3O 2016\/2018<\/strong><\/p>\n\n\n\n<p>Presidente &#8211; Thais Takahashi<br>Vice-presidente &#8211; Oswaldo Trevisan<br>Secret\u00e1ria Geral &#8211; &nbsp;Andrea Bernabel Furlan<br>Secret\u00e1rio Adjunto &#8211; Luis Gustavo Ferreira Ribeiro Lopes<br>Tesoureiro &#8211; &nbsp;Roberlei Marques Cuenca<\/p>\n\n\n\n<p><strong>GEST\u00c3O 2019-2021<\/strong><\/p>\n\n\n\n<p>Presidente &#8211; Luis Enrique Bruno Servilha<br>Vice-presidente &#8211; Marcio Aur\u00e9lio Do Carmo<br>Secret\u00e1rio Geral &#8211; Adailton Alves Maciel Junior<br>Secret\u00e1rio adjunto &#8211; Carlos Eduardo Gama de Souza<br>Tesoureiro &#8211; Luiz Gustavo Amaral<\/p>\n\n\n\n<p><strong>GEST\u00c3O 2022-2024<\/strong><\/p>\n\n\n\n<p>Presidente &#8211; Marcio Aur\u00e9lio do Carmo<br>Vice-presidente &#8211; Januario Silverio de Souza<br>Secret\u00e1ria-Geral &#8211; Aline Sborgi Segabinazzi\u00a0\u00a0\u00a0\u00a0\u00a0\u00a0\u00a0\u00a0\u00a0\u00a0\u00a0\u00a0\u00a0\u00a0\u00a0\u00a0<br>Secret\u00e1ria-Geral Adjunta &#8211; Eliz\u00e2ngela Bonfim Carnevale Migliozzi<br>Tesoureiro &#8211; Vinicius Feracin Laureano\u00a0\u00a0\u00a0\u00a0\u00a0\u00a0\u00a0\u00a0\u00a0\u00a0\u00a0\u00a0<\/p>\n","protected":false},"excerpt":{"rendered":"<p>DIRETORIA PROVIS\u00d3RIA Presidente \u2013 Jo\u00e3o TeodoroVice\u2013presidente &#8211; Nelson BorgesSecret\u00e1rio geral \u2013 Jo\u00e3o Gon\u00e7alves de OliveiraTesoureiro \u2013 Expedito Pegoraro GEST\u00c3O 1977\/1979 Presidente Ramez Amim GEST\u00c3O&nbsp;&nbsp; &nbsp;1981\/1983&nbsp; Presidente \u2013 &nbsp;Jamil NabemVice\u2013presidente &#8211; Raimundo Jos\u00e9 Lima MendesSecret\u00e1rio geral \u2013 Shioji SumiTesoureiro \u2013 Francisco Bayardo de Lacerda GEST\u00c3O \u00a01983\/1985 Presidente \u2013 Jamil NabhenVice-presidente \u2013 Antonio Galdino Vieira da SilvaSecret\u00e1rio [&hellip;]<\/p>\n","protected":false},"author":1,"featured_media":0,"parent":0,"menu_order":0,"comment_status":"closed","ping_status":"closed","template":"","meta":{"footnotes":"","_links_to":"","_links_to_target":""},"class_list":["post-86","page","type-page","status-publish","hentry"],"yoast_head":"<!-- This site is optimized with the Yoast SEO plugin v27.3 - https:\/\/yoast.com\/product\/yoast-seo-wordpress\/ -->\n<title>Gest\u00f5es - OAB Corn\u00e9lio Proc\u00f3pio<\/title>\n<meta name=\"robots\" content=\"index, follow, max-snippet:-1, max-image-preview:large, max-video-preview:-1\" \/>\n<link rel=\"canonical\" href=\"https:\/\/cornelioprocopio.oabpr.org.br\/index.php\/gestoes\/\" \/>\n<meta property=\"og:locale\" content=\"pt_BR\" \/>\n<meta property=\"og:type\" content=\"article\" \/>\n<meta property=\"og:title\" content=\"Gest\u00f5es - OAB Corn\u00e9lio Proc\u00f3pio\" \/>\n<meta property=\"og:description\" content=\"DIRETORIA PROVIS\u00d3RIA Presidente \u2013 Jo\u00e3o TeodoroVice\u2013presidente &#8211; Nelson BorgesSecret\u00e1rio geral \u2013 Jo\u00e3o Gon\u00e7alves de OliveiraTesoureiro \u2013 Expedito Pegoraro GEST\u00c3O 1977\/1979 Presidente Ramez Amim GEST\u00c3O&nbsp;&nbsp; &nbsp;1981\/1983&nbsp; Presidente \u2013 &nbsp;Jamil NabemVice\u2013presidente &#8211; Raimundo Jos\u00e9 Lima MendesSecret\u00e1rio geral \u2013 Shioji SumiTesoureiro \u2013 Francisco Bayardo de Lacerda GEST\u00c3O \u00a01983\/1985 Presidente \u2013 Jamil NabhenVice-presidente \u2013 Antonio Galdino Vieira da SilvaSecret\u00e1rio [&hellip;]\" \/>\n<meta property=\"og:url\" content=\"https:\/\/cornelioprocopio.oabpr.org.br\/index.php\/gestoes\/\" \/>\n<meta property=\"og:site_name\" content=\"OAB Corn\u00e9lio Proc\u00f3pio\" \/>\n<meta property=\"article:modified_time\" content=\"2024-01-19T14:39:12+00:00\" \/>\n<meta name=\"twitter:card\" content=\"summary_large_image\" \/>\n<meta name=\"twitter:label1\" content=\"Est. tempo de leitura\" \/>\n\t<meta name=\"twitter:data1\" content=\"2 minutos\" \/>\n<script type=\"application\/ld+json\" class=\"yoast-schema-graph\">{\"@context\":\"https:\\\/\\\/schema.org\",\"@graph\":[{\"@type\":\"WebPage\",\"@id\":\"https:\\\/\\\/cornelioprocopio.oabpr.org.br\\\/index.php\\\/gestoes\\\/\",\"url\":\"https:\\\/\\\/cornelioprocopio.oabpr.org.br\\\/index.php\\\/gestoes\\\/\",\"name\":\"Gest\u00f5es - OAB Corn\u00e9lio Proc\u00f3pio\",\"isPartOf\":{\"@id\":\"https:\\\/\\\/cornelioprocopio.oabpr.org.br\\\/#website\"},\"datePublished\":\"2024-01-19T13:18:05+00:00\",\"dateModified\":\"2024-01-19T14:39:12+00:00\",\"breadcrumb\":{\"@id\":\"https:\\\/\\\/cornelioprocopio.oabpr.org.br\\\/index.php\\\/gestoes\\\/#breadcrumb\"},\"inLanguage\":\"pt-BR\",\"potentialAction\":[{\"@type\":\"ReadAction\",\"target\":[\"https:\\\/\\\/cornelioprocopio.oabpr.org.br\\\/index.php\\\/gestoes\\\/\"]}]},{\"@type\":\"BreadcrumbList\",\"@id\":\"https:\\\/\\\/cornelioprocopio.oabpr.org.br\\\/index.php\\\/gestoes\\\/#breadcrumb\",\"itemListElement\":[{\"@type\":\"ListItem\",\"position\":1,\"name\":\"In\u00edcio\",\"item\":\"https:\\\/\\\/cornelioprocopio.oabpr.org.br\\\/\"},{\"@type\":\"ListItem\",\"position\":2,\"name\":\"Gest\u00f5es\"}]},{\"@type\":\"WebSite\",\"@id\":\"https:\\\/\\\/cornelioprocopio.oabpr.org.br\\\/#website\",\"url\":\"https:\\\/\\\/cornelioprocopio.oabpr.org.br\\\/\",\"name\":\"OAB Corn\u00e9lio Proc\u00f3pio\",\"description\":\"\",\"potentialAction\":[{\"@type\":\"SearchAction\",\"target\":{\"@type\":\"EntryPoint\",\"urlTemplate\":\"https:\\\/\\\/cornelioprocopio.oabpr.org.br\\\/?s={search_term_string}\"},\"query-input\":{\"@type\":\"PropertyValueSpecification\",\"valueRequired\":true,\"valueName\":\"search_term_string\"}}],\"inLanguage\":\"pt-BR\"}]}<\/script>\n<!-- \/ Yoast SEO plugin. -->","yoast_head_json":{"title":"Gest\u00f5es - OAB Corn\u00e9lio Proc\u00f3pio","robots":{"index":"index","follow":"follow","max-snippet":"max-snippet:-1","max-image-preview":"max-image-preview:large","max-video-preview":"max-video-preview:-1"},"canonical":"https:\/\/cornelioprocopio.oabpr.org.br\/index.php\/gestoes\/","og_locale":"pt_BR","og_type":"article","og_title":"Gest\u00f5es - OAB Corn\u00e9lio Proc\u00f3pio","og_description":"DIRETORIA PROVIS\u00d3RIA Presidente \u2013 Jo\u00e3o TeodoroVice\u2013presidente &#8211; Nelson BorgesSecret\u00e1rio geral \u2013 Jo\u00e3o Gon\u00e7alves de OliveiraTesoureiro \u2013 Expedito Pegoraro GEST\u00c3O 1977\/1979 Presidente Ramez Amim GEST\u00c3O&nbsp;&nbsp; &nbsp;1981\/1983&nbsp; Presidente \u2013 &nbsp;Jamil NabemVice\u2013presidente &#8211; Raimundo Jos\u00e9 Lima MendesSecret\u00e1rio geral \u2013 Shioji SumiTesoureiro \u2013 Francisco Bayardo de Lacerda GEST\u00c3O \u00a01983\/1985 Presidente \u2013 Jamil NabhenVice-presidente \u2013 Antonio Galdino Vieira da SilvaSecret\u00e1rio [&hellip;]","og_url":"https:\/\/cornelioprocopio.oabpr.org.br\/index.php\/gestoes\/","og_site_name":"OAB Corn\u00e9lio Proc\u00f3pio","article_modified_time":"2024-01-19T14:39:12+00:00","twitter_card":"summary_large_image","twitter_misc":{"Est. tempo de leitura":"2 minutos"},"schema":{"@context":"https:\/\/schema.org","@graph":[{"@type":"WebPage","@id":"https:\/\/cornelioprocopio.oabpr.org.br\/index.php\/gestoes\/","url":"https:\/\/cornelioprocopio.oabpr.org.br\/index.php\/gestoes\/","name":"Gest\u00f5es - OAB Corn\u00e9lio Proc\u00f3pio","isPartOf":{"@id":"https:\/\/cornelioprocopio.oabpr.org.br\/#website"},"datePublished":"2024-01-19T13:18:05+00:00","dateModified":"2024-01-19T14:39:12+00:00","breadcrumb":{"@id":"https:\/\/cornelioprocopio.oabpr.org.br\/index.php\/gestoes\/#breadcrumb"},"inLanguage":"pt-BR","potentialAction":[{"@type":"ReadAction","target":["https:\/\/cornelioprocopio.oabpr.org.br\/index.php\/gestoes\/"]}]},{"@type":"BreadcrumbList","@id":"https:\/\/cornelioprocopio.oabpr.org.br\/index.php\/gestoes\/#breadcrumb","itemListElement":[{"@type":"ListItem","position":1,"name":"In\u00edcio","item":"https:\/\/cornelioprocopio.oabpr.org.br\/"},{"@type":"ListItem","position":2,"name":"Gest\u00f5es"}]},{"@type":"WebSite","@id":"https:\/\/cornelioprocopio.oabpr.org.br\/#website","url":"https:\/\/cornelioprocopio.oabpr.org.br\/","name":"OAB Corn\u00e9lio Proc\u00f3pio","description":"","potentialAction":[{"@type":"SearchAction","target":{"@type":"EntryPoint","urlTemplate":"https:\/\/cornelioprocopio.oabpr.org.br\/?s={search_term_string}"},"query-input":{"@type":"PropertyValueSpecification","valueRequired":true,"valueName":"search_term_string"}}],"inLanguage":"pt-BR"}]}},"_links":{"self":[{"href":"https:\/\/cornelioprocopio.oabpr.org.br\/index.php\/wp-json\/wp\/v2\/pages\/86","targetHints":{"allow":["GET"]}}],"collection":[{"href":"https:\/\/cornelioprocopio.oabpr.org.br\/index.php\/wp-json\/wp\/v2\/pages"}],"about":[{"href":"https:\/\/cornelioprocopio.oabpr.org.br\/index.php\/wp-json\/wp\/v2\/types\/page"}],"author":[{"embeddable":true,"href":"https:\/\/cornelioprocopio.oabpr.org.br\/index.php\/wp-json\/wp\/v2\/users\/1"}],"replies":[{"embeddable":true,"href":"https:\/\/cornelioprocopio.oabpr.org.br\/index.php\/wp-json\/wp\/v2\/comments?post=86"}],"version-history":[{"count":1,"href":"https:\/\/cornelioprocopio.oabpr.org.br\/index.php\/wp-json\/wp\/v2\/pages\/86\/revisions"}],"predecessor-version":[{"id":132,"href":"https:\/\/cornelioprocopio.oabpr.org.br\/index.php\/wp-json\/wp\/v2\/pages\/86\/revisions\/132"}],"wp:attachment":[{"href":"https:\/\/cornelioprocopio.oabpr.org.br\/index.php\/wp-json\/wp\/v2\/media?parent=86"}],"curies":[{"name":"wp","href":"https:\/\/api.w.org\/{rel}","templated":true}]}}