{"id":85,"date":"2024-01-19T13:18:05","date_gmt":"2024-01-19T13:18:05","guid":{"rendered":"http:\/\/ledz"},"modified":"2024-01-19T11:35:40","modified_gmt":"2024-01-19T14:35:40","slug":"historia-da-subsecao","status":"publish","type":"page","link":"https:\/\/cornelioprocopio.oabpr.org.br\/index.php\/historia-da-subsecao\/","title":{"rendered":"Hist\u00f3ria da Subse\u00e7\u00e3o"},"content":{"rendered":"\n<p>A OAB Subse\u00e7\u00e3o de Corn\u00e9lio Proc\u00f3pio foi criada no dia 11 de mar\u00e7o de 1976. A cria\u00e7\u00e3o consta na ata da 3\u00aa Sess\u00e3o do Conselho da Ordem dos Advogados do Brasil, Se\u00e7\u00e3o do Estado do Paran\u00e1.&nbsp;<\/p>\n\n\n\n<p>Consta no documento que o Conselho reuniu-se sob a Presid\u00eancia do Conselheiro Francisco Brito de Lacerda e secretariado pelo conselheiro Oldemar Teixeira Solares, 1\u00ba Secret\u00e1rio.<\/p>\n\n\n\n<p>\u201cO conselheiro Joaquim Munhoz de Melo relatou os autos referentes \u00e0 cria\u00e7\u00e3o das subse\u00e7\u00f5es de Corn\u00e9lio Proc\u00f3pio e Jacarezinho, tendo opinado pela cria\u00e7\u00e3o de ambas as subse\u00e7\u00f5es, o que foi aprovado pelo Conselho por \u00a0unanimidade de votos, sendo que a compet\u00eancia para instala\u00e7\u00e3o das duas subse\u00e7\u00f5es ficou a cargo da Diretoria Executiva daquela Se\u00e7\u00e3o.\u201d<\/p>\n\n\n\n<p>A instala\u00e7\u00e3o da Subse\u00e7\u00e3o aconteceu em 25 de setembro de 1976. O presidente da Diretoria Provis\u00f3ria foi o advogado Jo\u00e3o Teodoro.<\/p>\n","protected":false},"excerpt":{"rendered":"<p>A OAB Subse\u00e7\u00e3o de Corn\u00e9lio Proc\u00f3pio foi criada no dia 11 de mar\u00e7o de 1976. A cria\u00e7\u00e3o consta na ata da 3\u00aa Sess\u00e3o do Conselho da Ordem dos Advogados do Brasil, Se\u00e7\u00e3o do Estado do Paran\u00e1.&nbsp; Consta no documento que o Conselho reuniu-se sob a Presid\u00eancia do Conselheiro Francisco Brito de Lacerda e secretariado pelo [&hellip;]<\/p>\n","protected":false},"author":1,"featured_media":0,"parent":0,"menu_order":0,"comment_status":"closed","ping_status":"closed","template":"","meta":{"footnotes":"","_links_to":"","_links_to_target":""},"class_list":["post-85","page","type-page","status-publish","hentry"],"yoast_head":"<!-- This site is optimized with the Yoast SEO plugin v27.3 - https:\/\/yoast.com\/product\/yoast-seo-wordpress\/ -->\n<title>Hist\u00f3ria da Subse\u00e7\u00e3o - OAB Corn\u00e9lio Proc\u00f3pio<\/title>\n<meta name=\"robots\" content=\"index, follow, max-snippet:-1, max-image-preview:large, max-video-preview:-1\" \/>\n<link rel=\"canonical\" href=\"https:\/\/cornelioprocopio.oabpr.org.br\/index.php\/historia-da-subsecao\/\" \/>\n<meta property=\"og:locale\" content=\"pt_BR\" \/>\n<meta property=\"og:type\" content=\"article\" \/>\n<meta property=\"og:title\" content=\"Hist\u00f3ria da Subse\u00e7\u00e3o - OAB Corn\u00e9lio Proc\u00f3pio\" \/>\n<meta property=\"og:description\" content=\"A OAB Subse\u00e7\u00e3o de Corn\u00e9lio Proc\u00f3pio foi criada no dia 11 de mar\u00e7o de 1976. A cria\u00e7\u00e3o consta na ata da 3\u00aa Sess\u00e3o do Conselho da Ordem dos Advogados do Brasil, Se\u00e7\u00e3o do Estado do Paran\u00e1.&nbsp; Consta no documento que o Conselho reuniu-se sob a Presid\u00eancia do Conselheiro Francisco Brito de Lacerda e secretariado pelo [&hellip;]\" \/>\n<meta property=\"og:url\" content=\"https:\/\/cornelioprocopio.oabpr.org.br\/index.php\/historia-da-subsecao\/\" \/>\n<meta property=\"og:site_name\" content=\"OAB Corn\u00e9lio Proc\u00f3pio\" \/>\n<meta property=\"article:modified_time\" content=\"2024-01-19T14:35:40+00:00\" \/>\n<meta name=\"twitter:card\" content=\"summary_large_image\" \/>\n<meta name=\"twitter:label1\" content=\"Est. tempo de leitura\" \/>\n\t<meta name=\"twitter:data1\" content=\"1 minuto\" \/>\n<script type=\"application\/ld+json\" class=\"yoast-schema-graph\">{\"@context\":\"https:\\\/\\\/schema.org\",\"@graph\":[{\"@type\":\"WebPage\",\"@id\":\"https:\\\/\\\/cornelioprocopio.oabpr.org.br\\\/index.php\\\/historia-da-subsecao\\\/\",\"url\":\"https:\\\/\\\/cornelioprocopio.oabpr.org.br\\\/index.php\\\/historia-da-subsecao\\\/\",\"name\":\"Hist\u00f3ria da Subse\u00e7\u00e3o - OAB Corn\u00e9lio Proc\u00f3pio\",\"isPartOf\":{\"@id\":\"https:\\\/\\\/cornelioprocopio.oabpr.org.br\\\/#website\"},\"datePublished\":\"2024-01-19T13:18:05+00:00\",\"dateModified\":\"2024-01-19T14:35:40+00:00\",\"breadcrumb\":{\"@id\":\"https:\\\/\\\/cornelioprocopio.oabpr.org.br\\\/index.php\\\/historia-da-subsecao\\\/#breadcrumb\"},\"inLanguage\":\"pt-BR\",\"potentialAction\":[{\"@type\":\"ReadAction\",\"target\":[\"https:\\\/\\\/cornelioprocopio.oabpr.org.br\\\/index.php\\\/historia-da-subsecao\\\/\"]}]},{\"@type\":\"BreadcrumbList\",\"@id\":\"https:\\\/\\\/cornelioprocopio.oabpr.org.br\\\/index.php\\\/historia-da-subsecao\\\/#breadcrumb\",\"itemListElement\":[{\"@type\":\"ListItem\",\"position\":1,\"name\":\"In\u00edcio\",\"item\":\"https:\\\/\\\/cornelioprocopio.oabpr.org.br\\\/\"},{\"@type\":\"ListItem\",\"position\":2,\"name\":\"Hist\u00f3ria da Subse\u00e7\u00e3o\"}]},{\"@type\":\"WebSite\",\"@id\":\"https:\\\/\\\/cornelioprocopio.oabpr.org.br\\\/#website\",\"url\":\"https:\\\/\\\/cornelioprocopio.oabpr.org.br\\\/\",\"name\":\"OAB Corn\u00e9lio Proc\u00f3pio\",\"description\":\"\",\"potentialAction\":[{\"@type\":\"SearchAction\",\"target\":{\"@type\":\"EntryPoint\",\"urlTemplate\":\"https:\\\/\\\/cornelioprocopio.oabpr.org.br\\\/?s={search_term_string}\"},\"query-input\":{\"@type\":\"PropertyValueSpecification\",\"valueRequired\":true,\"valueName\":\"search_term_string\"}}],\"inLanguage\":\"pt-BR\"}]}<\/script>\n<!-- \/ Yoast SEO plugin. -->","yoast_head_json":{"title":"Hist\u00f3ria da Subse\u00e7\u00e3o - OAB Corn\u00e9lio Proc\u00f3pio","robots":{"index":"index","follow":"follow","max-snippet":"max-snippet:-1","max-image-preview":"max-image-preview:large","max-video-preview":"max-video-preview:-1"},"canonical":"https:\/\/cornelioprocopio.oabpr.org.br\/index.php\/historia-da-subsecao\/","og_locale":"pt_BR","og_type":"article","og_title":"Hist\u00f3ria da Subse\u00e7\u00e3o - OAB Corn\u00e9lio Proc\u00f3pio","og_description":"A OAB Subse\u00e7\u00e3o de Corn\u00e9lio Proc\u00f3pio foi criada no dia 11 de mar\u00e7o de 1976. A cria\u00e7\u00e3o consta na ata da 3\u00aa Sess\u00e3o do Conselho da Ordem dos Advogados do Brasil, Se\u00e7\u00e3o do Estado do Paran\u00e1.&nbsp; Consta no documento que o Conselho reuniu-se sob a Presid\u00eancia do Conselheiro Francisco Brito de Lacerda e secretariado pelo [&hellip;]","og_url":"https:\/\/cornelioprocopio.oabpr.org.br\/index.php\/historia-da-subsecao\/","og_site_name":"OAB Corn\u00e9lio Proc\u00f3pio","article_modified_time":"2024-01-19T14:35:40+00:00","twitter_card":"summary_large_image","twitter_misc":{"Est. tempo de leitura":"1 minuto"},"schema":{"@context":"https:\/\/schema.org","@graph":[{"@type":"WebPage","@id":"https:\/\/cornelioprocopio.oabpr.org.br\/index.php\/historia-da-subsecao\/","url":"https:\/\/cornelioprocopio.oabpr.org.br\/index.php\/historia-da-subsecao\/","name":"Hist\u00f3ria da Subse\u00e7\u00e3o - OAB Corn\u00e9lio Proc\u00f3pio","isPartOf":{"@id":"https:\/\/cornelioprocopio.oabpr.org.br\/#website"},"datePublished":"2024-01-19T13:18:05+00:00","dateModified":"2024-01-19T14:35:40+00:00","breadcrumb":{"@id":"https:\/\/cornelioprocopio.oabpr.org.br\/index.php\/historia-da-subsecao\/#breadcrumb"},"inLanguage":"pt-BR","potentialAction":[{"@type":"ReadAction","target":["https:\/\/cornelioprocopio.oabpr.org.br\/index.php\/historia-da-subsecao\/"]}]},{"@type":"BreadcrumbList","@id":"https:\/\/cornelioprocopio.oabpr.org.br\/index.php\/historia-da-subsecao\/#breadcrumb","itemListElement":[{"@type":"ListItem","position":1,"name":"In\u00edcio","item":"https:\/\/cornelioprocopio.oabpr.org.br\/"},{"@type":"ListItem","position":2,"name":"Hist\u00f3ria da Subse\u00e7\u00e3o"}]},{"@type":"WebSite","@id":"https:\/\/cornelioprocopio.oabpr.org.br\/#website","url":"https:\/\/cornelioprocopio.oabpr.org.br\/","name":"OAB Corn\u00e9lio Proc\u00f3pio","description":"","potentialAction":[{"@type":"SearchAction","target":{"@type":"EntryPoint","urlTemplate":"https:\/\/cornelioprocopio.oabpr.org.br\/?s={search_term_string}"},"query-input":{"@type":"PropertyValueSpecification","valueRequired":true,"valueName":"search_term_string"}}],"inLanguage":"pt-BR"}]}},"_links":{"self":[{"href":"https:\/\/cornelioprocopio.oabpr.org.br\/index.php\/wp-json\/wp\/v2\/pages\/85","targetHints":{"allow":["GET"]}}],"collection":[{"href":"https:\/\/cornelioprocopio.oabpr.org.br\/index.php\/wp-json\/wp\/v2\/pages"}],"about":[{"href":"https:\/\/cornelioprocopio.oabpr.org.br\/index.php\/wp-json\/wp\/v2\/types\/page"}],"author":[{"embeddable":true,"href":"https:\/\/cornelioprocopio.oabpr.org.br\/index.php\/wp-json\/wp\/v2\/users\/1"}],"replies":[{"embeddable":true,"href":"https:\/\/cornelioprocopio.oabpr.org.br\/index.php\/wp-json\/wp\/v2\/comments?post=85"}],"version-history":[{"count":1,"href":"https:\/\/cornelioprocopio.oabpr.org.br\/index.php\/wp-json\/wp\/v2\/pages\/85\/revisions"}],"predecessor-version":[{"id":130,"href":"https:\/\/cornelioprocopio.oabpr.org.br\/index.php\/wp-json\/wp\/v2\/pages\/85\/revisions\/130"}],"wp:attachment":[{"href":"https:\/\/cornelioprocopio.oabpr.org.br\/index.php\/wp-json\/wp\/v2\/media?parent=85"}],"curies":[{"name":"wp","href":"https:\/\/api.w.org\/{rel}","templated":true}]}}