{"id":138,"date":"2024-01-19T11:46:41","date_gmt":"2024-01-19T14:46:41","guid":{"rendered":"https:\/\/cornelioprocopio.oabpr.org.br\/?page_id=138"},"modified":"2025-01-09T16:38:21","modified_gmt":"2025-01-09T19:38:21","slug":"conselheirosas-da-subsecao","status":"publish","type":"page","link":"https:\/\/cornelioprocopio.oabpr.org.br\/index.php\/conselheirosas-da-subsecao\/","title":{"rendered":"Conselheiros(as) da Subse\u00e7\u00e3o"},"content":{"rendered":"\n<p>ANGELA DOROT\u00c9IA CORADETTE DA ROSA RODRIGUES<\/p>\n\n\n\n<p>DIANE FERNANDA BARBOSA RODRIGUES MOURA<\/p>\n\n\n\n<p>FERNANDA APARECIDA MUNHOZ GABRIEL<\/p>\n\n\n\n<p>GEMERSON JUNIOR DA SILVALANA MEIRI NAVARRO<\/p>\n\n\n\n<p>MARCIO ALEXANDRE DE CASTRO POLIDO<\/p>\n\n\n\n<p>MARIANY DOS SANTOS AGUIAR<\/p>\n\n\n\n<p>PAULO FRANCISCO OLIVEIRA<\/p>\n\n\n\n<p>BRENDA CARLA CANEDO SILVA DUR\u00c3ES DA LUZ<\/p>\n\n\n\n<p>BRENDA CAROLINA VICENTINI MUGNOL<\/p>\n\n\n\n<p>BRUNO HENRIQUE MARTINS PIROLO<\/p>\n\n\n\n<p>DANILO HENRIQUE VICENTINI DA CRUZ<\/p>\n\n\n\n<p>EDER DOS SANTOS PIOF\u00c1BIO SILVA MATTOS MELLE<\/p>\n\n\n\n<p>FRANCIELI CASTILHO PEREIRA<\/p>\n\n\n\n<p>JULIANA BONFIM CARNEVALE<\/p>\n\n\n\n<p>VALMIR DIAS BELEMVINICIUS FERACIN LAUREANO<\/p>\n\n\n\n<p><\/p>\n\n\n\n<p>CONSELHEIRO ESTADUAL: Luis Enrique Bruno de Servilha<\/p>\n","protected":false},"excerpt":{"rendered":"<p>ANGELA DOROT\u00c9IA CORADETTE DA ROSA RODRIGUES DIANE FERNANDA BARBOSA RODRIGUES MOURA FERNANDA APARECIDA MUNHOZ GABRIEL GEMERSON JUNIOR DA SILVALANA MEIRI NAVARRO MARCIO ALEXANDRE DE CASTRO POLIDO MARIANY DOS SANTOS AGUIAR PAULO FRANCISCO OLIVEIRA BRENDA CARLA CANEDO SILVA DUR\u00c3ES DA LUZ BRENDA CAROLINA VICENTINI MUGNOL BRUNO HENRIQUE MARTINS PIROLO DANILO HENRIQUE VICENTINI DA CRUZ EDER DOS [&hellip;]<\/p>\n","protected":false},"author":1,"featured_media":0,"parent":0,"menu_order":0,"comment_status":"closed","ping_status":"closed","template":"","meta":{"footnotes":"","_links_to":"","_links_to_target":""},"class_list":["post-138","page","type-page","status-publish","hentry"],"yoast_head":"<!-- This site is optimized with the Yoast SEO plugin v27.3 - https:\/\/yoast.com\/product\/yoast-seo-wordpress\/ -->\n<title>Conselheiros(as) da Subse\u00e7\u00e3o - OAB Corn\u00e9lio Proc\u00f3pio<\/title>\n<meta name=\"robots\" content=\"index, follow, max-snippet:-1, max-image-preview:large, max-video-preview:-1\" \/>\n<link rel=\"canonical\" href=\"https:\/\/cornelioprocopio.oabpr.org.br\/index.php\/conselheirosas-da-subsecao\/\" \/>\n<meta property=\"og:locale\" content=\"pt_BR\" \/>\n<meta property=\"og:type\" content=\"article\" \/>\n<meta property=\"og:title\" content=\"Conselheiros(as) da Subse\u00e7\u00e3o - OAB Corn\u00e9lio Proc\u00f3pio\" \/>\n<meta property=\"og:description\" content=\"ANGELA DOROT\u00c9IA CORADETTE DA ROSA RODRIGUES DIANE FERNANDA BARBOSA RODRIGUES MOURA FERNANDA APARECIDA MUNHOZ GABRIEL GEMERSON JUNIOR DA SILVALANA MEIRI NAVARRO MARCIO ALEXANDRE DE CASTRO POLIDO MARIANY DOS SANTOS AGUIAR PAULO FRANCISCO OLIVEIRA BRENDA CARLA CANEDO SILVA DUR\u00c3ES DA LUZ BRENDA CAROLINA VICENTINI MUGNOL BRUNO HENRIQUE MARTINS PIROLO DANILO HENRIQUE VICENTINI DA CRUZ EDER DOS [&hellip;]\" \/>\n<meta property=\"og:url\" content=\"https:\/\/cornelioprocopio.oabpr.org.br\/index.php\/conselheirosas-da-subsecao\/\" \/>\n<meta property=\"og:site_name\" content=\"OAB Corn\u00e9lio Proc\u00f3pio\" \/>\n<meta property=\"article:modified_time\" content=\"2025-01-09T19:38:21+00:00\" \/>\n<meta name=\"twitter:card\" content=\"summary_large_image\" \/>\n<meta name=\"twitter:label1\" content=\"Est. tempo de leitura\" \/>\n\t<meta name=\"twitter:data1\" content=\"1 minuto\" \/>\n<script type=\"application\/ld+json\" class=\"yoast-schema-graph\">{\"@context\":\"https:\\\/\\\/schema.org\",\"@graph\":[{\"@type\":\"WebPage\",\"@id\":\"https:\\\/\\\/cornelioprocopio.oabpr.org.br\\\/index.php\\\/conselheirosas-da-subsecao\\\/\",\"url\":\"https:\\\/\\\/cornelioprocopio.oabpr.org.br\\\/index.php\\\/conselheirosas-da-subsecao\\\/\",\"name\":\"Conselheiros(as) da Subse\u00e7\u00e3o - OAB Corn\u00e9lio Proc\u00f3pio\",\"isPartOf\":{\"@id\":\"https:\\\/\\\/cornelioprocopio.oabpr.org.br\\\/#website\"},\"datePublished\":\"2024-01-19T14:46:41+00:00\",\"dateModified\":\"2025-01-09T19:38:21+00:00\",\"breadcrumb\":{\"@id\":\"https:\\\/\\\/cornelioprocopio.oabpr.org.br\\\/index.php\\\/conselheirosas-da-subsecao\\\/#breadcrumb\"},\"inLanguage\":\"pt-BR\",\"potentialAction\":[{\"@type\":\"ReadAction\",\"target\":[\"https:\\\/\\\/cornelioprocopio.oabpr.org.br\\\/index.php\\\/conselheirosas-da-subsecao\\\/\"]}]},{\"@type\":\"BreadcrumbList\",\"@id\":\"https:\\\/\\\/cornelioprocopio.oabpr.org.br\\\/index.php\\\/conselheirosas-da-subsecao\\\/#breadcrumb\",\"itemListElement\":[{\"@type\":\"ListItem\",\"position\":1,\"name\":\"In\u00edcio\",\"item\":\"https:\\\/\\\/cornelioprocopio.oabpr.org.br\\\/\"},{\"@type\":\"ListItem\",\"position\":2,\"name\":\"Conselheiros(as) da Subse\u00e7\u00e3o\"}]},{\"@type\":\"WebSite\",\"@id\":\"https:\\\/\\\/cornelioprocopio.oabpr.org.br\\\/#website\",\"url\":\"https:\\\/\\\/cornelioprocopio.oabpr.org.br\\\/\",\"name\":\"OAB Corn\u00e9lio Proc\u00f3pio\",\"description\":\"\",\"potentialAction\":[{\"@type\":\"SearchAction\",\"target\":{\"@type\":\"EntryPoint\",\"urlTemplate\":\"https:\\\/\\\/cornelioprocopio.oabpr.org.br\\\/?s={search_term_string}\"},\"query-input\":{\"@type\":\"PropertyValueSpecification\",\"valueRequired\":true,\"valueName\":\"search_term_string\"}}],\"inLanguage\":\"pt-BR\"}]}<\/script>\n<!-- \/ Yoast SEO plugin. -->","yoast_head_json":{"title":"Conselheiros(as) da Subse\u00e7\u00e3o - OAB Corn\u00e9lio Proc\u00f3pio","robots":{"index":"index","follow":"follow","max-snippet":"max-snippet:-1","max-image-preview":"max-image-preview:large","max-video-preview":"max-video-preview:-1"},"canonical":"https:\/\/cornelioprocopio.oabpr.org.br\/index.php\/conselheirosas-da-subsecao\/","og_locale":"pt_BR","og_type":"article","og_title":"Conselheiros(as) da Subse\u00e7\u00e3o - OAB Corn\u00e9lio Proc\u00f3pio","og_description":"ANGELA DOROT\u00c9IA CORADETTE DA ROSA RODRIGUES DIANE FERNANDA BARBOSA RODRIGUES MOURA FERNANDA APARECIDA MUNHOZ GABRIEL GEMERSON JUNIOR DA SILVALANA MEIRI NAVARRO MARCIO ALEXANDRE DE CASTRO POLIDO MARIANY DOS SANTOS AGUIAR PAULO FRANCISCO OLIVEIRA BRENDA CARLA CANEDO SILVA DUR\u00c3ES DA LUZ BRENDA CAROLINA VICENTINI MUGNOL BRUNO HENRIQUE MARTINS PIROLO DANILO HENRIQUE VICENTINI DA CRUZ EDER DOS [&hellip;]","og_url":"https:\/\/cornelioprocopio.oabpr.org.br\/index.php\/conselheirosas-da-subsecao\/","og_site_name":"OAB Corn\u00e9lio Proc\u00f3pio","article_modified_time":"2025-01-09T19:38:21+00:00","twitter_card":"summary_large_image","twitter_misc":{"Est. tempo de leitura":"1 minuto"},"schema":{"@context":"https:\/\/schema.org","@graph":[{"@type":"WebPage","@id":"https:\/\/cornelioprocopio.oabpr.org.br\/index.php\/conselheirosas-da-subsecao\/","url":"https:\/\/cornelioprocopio.oabpr.org.br\/index.php\/conselheirosas-da-subsecao\/","name":"Conselheiros(as) da Subse\u00e7\u00e3o - OAB Corn\u00e9lio Proc\u00f3pio","isPartOf":{"@id":"https:\/\/cornelioprocopio.oabpr.org.br\/#website"},"datePublished":"2024-01-19T14:46:41+00:00","dateModified":"2025-01-09T19:38:21+00:00","breadcrumb":{"@id":"https:\/\/cornelioprocopio.oabpr.org.br\/index.php\/conselheirosas-da-subsecao\/#breadcrumb"},"inLanguage":"pt-BR","potentialAction":[{"@type":"ReadAction","target":["https:\/\/cornelioprocopio.oabpr.org.br\/index.php\/conselheirosas-da-subsecao\/"]}]},{"@type":"BreadcrumbList","@id":"https:\/\/cornelioprocopio.oabpr.org.br\/index.php\/conselheirosas-da-subsecao\/#breadcrumb","itemListElement":[{"@type":"ListItem","position":1,"name":"In\u00edcio","item":"https:\/\/cornelioprocopio.oabpr.org.br\/"},{"@type":"ListItem","position":2,"name":"Conselheiros(as) da Subse\u00e7\u00e3o"}]},{"@type":"WebSite","@id":"https:\/\/cornelioprocopio.oabpr.org.br\/#website","url":"https:\/\/cornelioprocopio.oabpr.org.br\/","name":"OAB Corn\u00e9lio Proc\u00f3pio","description":"","potentialAction":[{"@type":"SearchAction","target":{"@type":"EntryPoint","urlTemplate":"https:\/\/cornelioprocopio.oabpr.org.br\/?s={search_term_string}"},"query-input":{"@type":"PropertyValueSpecification","valueRequired":true,"valueName":"search_term_string"}}],"inLanguage":"pt-BR"}]}},"_links":{"self":[{"href":"https:\/\/cornelioprocopio.oabpr.org.br\/index.php\/wp-json\/wp\/v2\/pages\/138","targetHints":{"allow":["GET"]}}],"collection":[{"href":"https:\/\/cornelioprocopio.oabpr.org.br\/index.php\/wp-json\/wp\/v2\/pages"}],"about":[{"href":"https:\/\/cornelioprocopio.oabpr.org.br\/index.php\/wp-json\/wp\/v2\/types\/page"}],"author":[{"embeddable":true,"href":"https:\/\/cornelioprocopio.oabpr.org.br\/index.php\/wp-json\/wp\/v2\/users\/1"}],"replies":[{"embeddable":true,"href":"https:\/\/cornelioprocopio.oabpr.org.br\/index.php\/wp-json\/wp\/v2\/comments?post=138"}],"version-history":[{"count":3,"href":"https:\/\/cornelioprocopio.oabpr.org.br\/index.php\/wp-json\/wp\/v2\/pages\/138\/revisions"}],"predecessor-version":[{"id":685,"href":"https:\/\/cornelioprocopio.oabpr.org.br\/index.php\/wp-json\/wp\/v2\/pages\/138\/revisions\/685"}],"wp:attachment":[{"href":"https:\/\/cornelioprocopio.oabpr.org.br\/index.php\/wp-json\/wp\/v2\/media?parent=138"}],"curies":[{"name":"wp","href":"https:\/\/api.w.org\/{rel}","templated":true}]}}